{"id":6231,"date":"2023-04-07T23:31:37","date_gmt":"2023-04-07T16:31:37","guid":{"rendered":"https:\/\/gmas.com.vn\/?page_id=6231"},"modified":"2023-04-10T00:12:22","modified_gmt":"2023-04-09T17:12:22","slug":"viec-lam-dubai-uae","status":"publish","type":"page","link":"https:\/\/gmas.com.vn\/viec-lam-dubai-uae","title":{"rendered":"Vi\u1ec7c l\u00e0m Dubai &#8211; UAE"},"content":{"rendered":"\t<div id=\"text-3204687573\" class=\"text\">\n\t\t\n<h2>B\u1ea2N TIN TUY\u1ec2N D\u1ee4NG<\/h2>\n\t\t\n<style>\n#text-3204687573 {\n  text-align: center;\n}\n<\/style>\n\t<\/div>\n\t\n<div class=\"text-center\"><div class=\"is-divider divider clearfix\" style=\"max-width:100px;\"><\/div><\/div>\n\n  \n    <div class=\"row large-columns-3 medium-columns-1 small-columns-1 has-shadow row-box-shadow-2 slider row-slider slider-nav-simple slider-nav-push\"  data-flickity-options='{\"imagesLoaded\": true, \"groupCells\": \"100%\", \"dragThreshold\" : 5, \"cellAlign\": \"left\",\"wrapAround\": true,\"prevNextButtons\": true,\"percentPosition\": true,\"pageDots\": false, \"rightToLeft\": false, \"autoPlay\" : false}'>\n\n  <div class=\"col post-item\" >\n\t\t\t<div class=\"col-inner\">\n\t\t\t<a href=\"https:\/\/gmas.com.vn\/viec-lam-nuoc-ngoai\/nhan-su-lam-viec-tai-dubai-uae\" class=\"plain\">\n\t\t\t\t<div class=\"box box-default box-text-bottom box-blog-post has-hover\">\n            \t\t\t\t\t<div class=\"box-image\" >\n  \t\t\t\t\t\t<div class=\"image-cover\" style=\"padding-top:56%;\">\n  \t\t\t\t\t\t\t<img width=\"1100\" height=\"800\" src=\"https:\/\/gmas.com.vn\/wp-content\/uploads\/2023\/04\/DUBAI.png\" class=\"attachment-original size-original wp-post-image\" alt=\"\" decoding=\"async\" title=\"\">  \t\t\t\t\t\t\t  \t\t\t\t\t\t\t  \t\t\t\t\t\t<\/div>\n  \t\t\t\t\t\t  \t\t\t\t\t<\/div>\n          \t\t\t\t\t<div class=\"box-text text-center\" >\n\t\t\t\t\t<div class=\"box-text-inner blog-post-inner\">\n\n\t\t\t\t\t\n\t\t\t\t\t\t\t\t\t\t<h5 class=\"post-title is-large \">TUY\u1ec2N NH\u00c2N S\u1ef0 L\u00c0M VI\u1ec6C T\u1ea0I DUBAI, UAE. THU NH\u1eacP 25 &#8211; 40TR\/TH\u00c1NG<\/h5>\n\t\t\t\t\t<div class=\"post-meta is-small op-8\">Th\u00e1ng T\u01b0 6, 2023<\/div>\t\t\t\t\t<div class=\"is-divider\"><\/div>\n\t\t\t\t\t                    \n\t\t\t\t\t\n\t\t\t\t\t\n\t\t\t\t\t<\/div>\n\t\t\t\t\t<\/div>\n\t\t\t\t\t\t\t\t\t<\/div>\n\t\t\t\t<\/a>\n\t\t\t<\/div>\n\t\t<\/div><div class=\"col post-item\" >\n\t\t\t<div class=\"col-inner\">\n\t\t\t<a href=\"https:\/\/gmas.com.vn\/tin-tuc-va-su-kien\/don-hang-san-xuat-gach-men-lam-viec-tai-uae\" class=\"plain\">\n\t\t\t\t<div class=\"box box-default box-text-bottom box-blog-post has-hover\">\n            \t\t\t\t\t<div class=\"box-image\" >\n  \t\t\t\t\t\t<div class=\"image-cover\" style=\"padding-top:56%;\">\n  \t\t\t\t\t\t\t<img width=\"900\" height=\"507\" src=\"https:\/\/gmas.com.vn\/wp-content\/uploads\/2022\/08\/process204-1.jpg\" class=\"attachment-original size-original wp-post-image\" alt=\"\" decoding=\"async\" title=\"\">  \t\t\t\t\t\t\t  \t\t\t\t\t\t\t  \t\t\t\t\t\t<\/div>\n  \t\t\t\t\t\t  \t\t\t\t\t<\/div>\n          \t\t\t\t\t<div class=\"box-text text-center\" >\n\t\t\t\t\t<div class=\"box-text-inner blog-post-inner\">\n\n\t\t\t\t\t\n\t\t\t\t\t\t\t\t\t\t<h5 class=\"post-title is-large \">\u0110\u01a1n h\u00e0ng s\u1ea3n xu\u1ea5t g\u1ea1ch men l\u00e0m vi\u1ec7c t\u1ea1i UAE<\/h5>\n\t\t\t\t\t<div class=\"post-meta is-small op-8\">Th\u00e1ng T\u00e1m 9, 2022<\/div>\t\t\t\t\t<div class=\"is-divider\"><\/div>\n\t\t\t\t\t                    \n\t\t\t\t\t\n\t\t\t\t\t\n\t\t\t\t\t<\/div>\n\t\t\t\t\t<\/div>\n\t\t\t\t\t\t\t\t\t<\/div>\n\t\t\t\t<\/a>\n\t\t\t<\/div>\n\t\t<\/div><\/div>\n\t<div id=\"text-394517426\" class=\"text\">\n\t\t\n<h2>TH\u00d4NG TIN &amp; TIN T\u1ee8C<\/h2>\n\t\t\n<style>\n#text-394517426 {\n  text-align: center;\n}\n<\/style>\n\t<\/div>\n\t\n<div class=\"text-center\"><div class=\"is-divider divider clearfix\" style=\"max-width:100px;\"><\/div><\/div>\n\n  \n    <div class=\"row large-columns-3 medium-columns-1 small-columns-1 has-shadow row-box-shadow-3\">\n  <\/div>\n","protected":false},"excerpt":{"rendered":"<p>B\u00c0I VI\u1ebeT LI\u00caN QUAN QUY TR\u00ccNH XU\u1ea4T KH\u1ea8U LAO \u0110\u1ed8NG NH\u1eacT B\u1ea2N-GMAS C\u1ea2NH B\u00c1O L\u1eeaA \u0110\u1ea2O GMAS Ch\u00e0o \u0111\u00f3n \u0110o\u00e0n Hi\u1ec7p h\u1ed9i xu\u1ea5t kh\u1ea9u lao \u0111\u00f4\u0323ng Vi\u00ea\u0323t Nam-H\u01b0\u1edbng d\u1eabn va\u0300 \u0111\u00e1nh gi\u00e1 x\u1ebfp h\u1ea1ng doanh nghi\u1ec7p XKL\u0110 th\u1ef1c hi\u1ec7n B\u1ed9 Quy t\u1eafc \u1ee9ng x\u1eed (CoC-VN)- 04\/10\/2023 XKL\u0110 NH\u1eacT B\u1ea2N \u2013 CH\u00daC M\u1eeaNG 04 H\u1eccC VI\u00caN&#8230;<\/p>\n    <div class=\"related-post grid\">\r\n                <div class=\"headline\">B\u00c0I VI\u1ebeT LI\u00caN QUAN<\/div>\r\n        <div class=\"post-list \">\r\n\r\n                        <div class=\"item\">\r\n                    \r\n    <a class=\"title post_title\"  title=\"QUY TR\u00ccNH XU\u1ea4T KH\u1ea8U LAO \u0110\u1ed8NG NH\u1eacT B\u1ea2N-GMAS\" href=\"https:\/\/gmas.com.vn\/tin-tuc-va-su-kien\/quy-trinh-xuat-khau-lao-dong-nhat-ban\">\r\n                QUY TR\u00ccNH XU\u1ea4T KH\u1ea8U LAO \u0110\u1ed8NG NH\u1eacT B\u1ea2N-GMAS    <\/a>\r\n\r\n    <div class=\"thumb post_thumb\">\r\n        <a  title=\"QUY TR\u00ccNH XU\u1ea4T KH\u1ea8U LAO \u0110\u1ed8NG NH\u1eacT B\u1ea2N-GMAS\" href=\"https:\/\/gmas.com.vn\/tin-tuc-va-su-kien\/quy-trinh-xuat-khau-lao-dong-nhat-ban\">\r\n\r\n                            <img src=\"\" title=\"QUY TR\u00ccNH XU\u1ea4T KH\u1ea8U LAO \u0110\u1ed8NG NH\u1eacT B\u1ea2N-GMAS\" alt=\"QUY TR\u00ccNH XU\u1ea4T KH\u1ea8U LAO \u0110\u1ed8NG NH\u1eacT B\u1ea2N-GMAS\">\r\n\r\n            \r\n\r\n        <\/a>\r\n    <\/div>\r\n                <\/div>\r\n                            <div class=\"item\">\r\n                    \r\n    <a class=\"title post_title\"  title=\"C\u1ea2NH B\u00c1O L\u1eeaA \u0110\u1ea2O\" href=\"https:\/\/gmas.com.vn\/tin-noi-bat\/canh-bao-lua-dao\">\r\n                C\u1ea2NH B\u00c1O L\u1eeaA \u0110\u1ea2O    <\/a>\r\n\r\n    <div class=\"thumb post_thumb\">\r\n        <a  title=\"C\u1ea2NH B\u00c1O L\u1eeaA \u0110\u1ea2O\" href=\"https:\/\/gmas.com.vn\/tin-noi-bat\/canh-bao-lua-dao\">\r\n\r\n            <img width=\"1100\" height=\"800\" src=\"https:\/\/gmas.com.vn\/wp-content\/uploads\/2023\/10\/CANH-BAO-LUA-DAO.png\" class=\"attachment-full size-full wp-post-image\" alt=\"\" decoding=\"async\" title=\"\">\r\n\r\n        <\/a>\r\n    <\/div>\r\n                <\/div>\r\n                            <div class=\"item\">\r\n                    \r\n    <a class=\"title post_title\"  title=\"GMAS Ch\u00e0o \u0111\u00f3n \u0110o\u00e0n Hi\u1ec7p h\u1ed9i xu\u1ea5t kh\u1ea9u lao \u0111\u00f4\u0323ng Vi\u00ea\u0323t Nam-H\u01b0\u1edbng d\u1eabn va\u0300 \u0111\u00e1nh gi\u00e1 x\u1ebfp h\u1ea1ng doanh nghi\u1ec7p XKL\u0110 th\u1ef1c hi\u1ec7n B\u1ed9 Quy t\u1eafc \u1ee9ng x\u1eed (CoC-VN)- 04\/10\/2023\" href=\"https:\/\/gmas.com.vn\/tin-tuc-va-su-kien\/gmas-xkld-bo-quy-tac-ung-xu-coc-vn-2023\">\r\n                GMAS Ch\u00e0o \u0111\u00f3n \u0110o\u00e0n Hi\u1ec7p h\u1ed9i xu\u1ea5t kh\u1ea9u lao \u0111\u00f4\u0323ng Vi\u00ea\u0323t Nam-H\u01b0\u1edbng d\u1eabn va\u0300 \u0111\u00e1nh gi\u00e1 x\u1ebfp h\u1ea1ng doanh nghi\u1ec7p XKL\u0110 th\u1ef1c hi\u1ec7n B\u1ed9 Quy t\u1eafc \u1ee9ng x\u1eed (CoC-VN)- 04\/10\/2023    <\/a>\r\n\r\n    <div class=\"thumb post_thumb\">\r\n        <a  title=\"GMAS Ch\u00e0o \u0111\u00f3n \u0110o\u00e0n Hi\u1ec7p h\u1ed9i xu\u1ea5t kh\u1ea9u lao \u0111\u00f4\u0323ng Vi\u00ea\u0323t Nam-H\u01b0\u1edbng d\u1eabn va\u0300 \u0111\u00e1nh gi\u00e1 x\u1ebfp h\u1ea1ng doanh nghi\u1ec7p XKL\u0110 th\u1ef1c hi\u1ec7n B\u1ed9 Quy t\u1eafc \u1ee9ng x\u1eed (CoC-VN)- 04\/10\/2023\" href=\"https:\/\/gmas.com.vn\/tin-tuc-va-su-kien\/gmas-xkld-bo-quy-tac-ung-xu-coc-vn-2023\">\r\n\r\n            <img width=\"1100\" height=\"800\" src=\"https:\/\/gmas.com.vn\/wp-content\/uploads\/2023\/10\/2-min.png\" class=\"attachment-full size-full wp-post-image\" alt=\"\" decoding=\"async\" title=\"\">\r\n\r\n        <\/a>\r\n    <\/div>\r\n                <\/div>\r\n                            <div class=\"item\">\r\n                    \r\n    <a class=\"title post_title\"  title=\"XKL\u0110 NH\u1eacT B\u1ea2N \u2013 CH\u00daC M\u1eeaNG 04 H\u1eccC VI\u00caN XU\u1ea4T C\u1ea2NH &#8211; SA\u0301NG 28\/09\/2023\" href=\"https:\/\/gmas.com.vn\/tin-tuc-va-su-kien\/xkld-nhat-ban-xuat-canh-28-09-2023\">\r\n                XKL\u0110 NH\u1eacT B\u1ea2N \u2013 CH\u00daC M\u1eeaNG 04 H\u1eccC VI\u00caN XU\u1ea4T C\u1ea2NH &#8211; SA\u0301NG 28\/09\/2023    <\/a>\r\n\r\n    <div class=\"thumb post_thumb\">\r\n        <a  title=\"XKL\u0110 NH\u1eacT B\u1ea2N \u2013 CH\u00daC M\u1eeaNG 04 H\u1eccC VI\u00caN XU\u1ea4T C\u1ea2NH &#8211; SA\u0301NG 28\/09\/2023\" href=\"https:\/\/gmas.com.vn\/tin-tuc-va-su-kien\/xkld-nhat-ban-xuat-canh-28-09-2023\">\r\n\r\n            <img width=\"1100\" height=\"800\" src=\"https:\/\/gmas.com.vn\/wp-content\/uploads\/2023\/09\/36.jpg\" class=\"attachment-full size-full wp-post-image\" alt=\"\" decoding=\"async\" title=\"\">\r\n\r\n        <\/a>\r\n    <\/div>\r\n                <\/div>\r\n                            <div class=\"item\">\r\n                    \r\n    <a class=\"title post_title\"  title=\"31\/08\/2023 L\u00e3nh \u0111\u1ea1o Gmas k\u00fd tho\u1ea3 thu\u1eadn h\u1ee3p t\u00e1c v\u1ec1 tri\u1ec3n khai ch\u01b0\u01a1ng tr\u00ecnh K\u1ef9 s\u01b0, Tokutei\" href=\"https:\/\/gmas.com.vn\/tin-tuc-va-su-kien\/chuong-trinh-ky-su-tokutei\">\r\n                31\/08\/2023 L\u00e3nh \u0111\u1ea1o Gmas k\u00fd tho\u1ea3 thu\u1eadn h\u1ee3p t\u00e1c v\u1ec1 tri\u1ec3n khai ch\u01b0\u01a1ng tr\u00ecnh K\u1ef9 s\u01b0, Tokutei    <\/a>\r\n\r\n    <div class=\"thumb post_thumb\">\r\n        <a  title=\"31\/08\/2023 L\u00e3nh \u0111\u1ea1o Gmas k\u00fd tho\u1ea3 thu\u1eadn h\u1ee3p t\u00e1c v\u1ec1 tri\u1ec3n khai ch\u01b0\u01a1ng tr\u00ecnh K\u1ef9 s\u01b0, Tokutei\" href=\"https:\/\/gmas.com.vn\/tin-tuc-va-su-kien\/chuong-trinh-ky-su-tokutei\">\r\n\r\n            <img width=\"963\" height=\"700\" src=\"https:\/\/gmas.com.vn\/wp-content\/uploads\/2023\/08\/1-2.png\" class=\"attachment-full size-full wp-post-image\" alt=\"\" decoding=\"async\" title=\"\">\r\n\r\n        <\/a>\r\n    <\/div>\r\n                <\/div>\r\n                            <div class=\"item\">\r\n                    \r\n    <a class=\"title post_title\"  title=\"GMAS TH\u00d4NG B\u00c1O L\u1ecaCH NGH\u1ec8 L\u1ec4 QU\u1ed0C KH\u00c1NH 2-9\" href=\"https:\/\/gmas.com.vn\/tin-tuc-va-su-kien\/gmas-thong-bao-lich-nghi-le-quoc-khanh-2-9\">\r\n                GMAS TH\u00d4NG B\u00c1O L\u1ecaCH NGH\u1ec8 L\u1ec4 QU\u1ed0C KH\u00c1NH 2-9    <\/a>\r\n\r\n    <div class=\"thumb post_thumb\">\r\n        <a  title=\"GMAS TH\u00d4NG B\u00c1O L\u1ecaCH NGH\u1ec8 L\u1ec4 QU\u1ed0C KH\u00c1NH 2-9\" href=\"https:\/\/gmas.com.vn\/tin-tuc-va-su-kien\/gmas-thong-bao-lich-nghi-le-quoc-khanh-2-9\">\r\n\r\n            <img width=\"1200\" height=\"900\" src=\"https:\/\/gmas.com.vn\/wp-content\/uploads\/2023\/08\/QUOC-KHANH-2.9.23.png\" class=\"attachment-full size-full wp-post-image\" alt=\"\" decoding=\"async\" title=\"\">\r\n\r\n        <\/a>\r\n    <\/div>\r\n                <\/div>\r\n            \r\n    <\/div>\r\n\r\n    <script>\r\n            <\/script>\r\n    <style>\r\n        .related-post {}\r\n\r\n        .related-post .post-list {\r\n            text-align: left;\r\n                    }\r\n\r\n        .related-post .post-list .item {\r\n            margin: 10px;\r\n            padding: 0px;\r\n                    }\r\n\r\n        .related-post .headline {\r\n            font-size: 18px !important;\r\n            color: #000000 !important;\r\n                    }\r\n\r\n        .related-post .post-list .item .post_title {\r\n            font-size: 16px;\r\n            color: #000000;\r\n            margin: 10px 0px;\r\n            padding: 0px;\r\n            display: block;\r\n            text-decoration: none;\r\n                    }\r\n\r\n        .related-post .post-list .item .post_thumb {\r\n            max-height: 220px;\r\n            margin: 10px 0px;\r\n            padding: 0px;\r\n            display: block;\r\n                    }\r\n\r\n        .related-post .post-list .item .post_excerpt {\r\n            font-size: 13px;\r\n            color: #3f3f3f;\r\n            margin: 10px 0px;\r\n            padding: 0px;\r\n            display: block;\r\n            text-decoration: none;\r\n                    }\r\n\r\n        @media only screen and (min-width: 1024px) {\r\n            .related-post .post-list .item {\r\n                width: 45%;\r\n            }\r\n        }\r\n\r\n        @media only screen and (min-width: 768px) and (max-width: 1023px) {\r\n            .related-post .post-list .item {\r\n                width: 90%;\r\n            }\r\n        }\r\n\r\n        @media only screen and (min-width: 0px) and (max-width: 767px) {\r\n            .related-post .post-list .item {\r\n                width: 90%;\r\n            }\r\n        }\r\n\r\n            <\/style>\r\n        <\/div>\r\n","protected":false},"author":3,"featured_media":0,"parent":0,"menu_order":0,"comment_status":"closed","ping_status":"closed","template":"","meta":{"footnotes":""},"_links":{"self":[{"href":"https:\/\/gmas.com.vn\/wp-json\/wp\/v2\/pages\/6231"}],"collection":[{"href":"https:\/\/gmas.com.vn\/wp-json\/wp\/v2\/pages"}],"about":[{"href":"https:\/\/gmas.com.vn\/wp-json\/wp\/v2\/types\/page"}],"author":[{"embeddable":true,"href":"https:\/\/gmas.com.vn\/wp-json\/wp\/v2\/users\/3"}],"replies":[{"embeddable":true,"href":"https:\/\/gmas.com.vn\/wp-json\/wp\/v2\/comments?post=6231"}],"version-history":[{"count":7,"href":"https:\/\/gmas.com.vn\/wp-json\/wp\/v2\/pages\/6231\/revisions"}],"predecessor-version":[{"id":6275,"href":"https:\/\/gmas.com.vn\/wp-json\/wp\/v2\/pages\/6231\/revisions\/6275"}],"wp:attachment":[{"href":"https:\/\/gmas.com.vn\/wp-json\/wp\/v2\/media?parent=6231"}],"curies":[{"name":"wp","href":"https:\/\/api.w.org\/{rel}","templated":true}]}}