{"id":6755,"date":"2023-06-21T14:33:28","date_gmt":"2023-06-21T07:33:28","guid":{"rendered":"https:\/\/gmas.com.vn\/?page_id=6755"},"modified":"2023-09-06T16:31:38","modified_gmt":"2023-09-06T09:31:38","slug":"du-hoc-han-quoc","status":"publish","type":"page","link":"https:\/\/gmas.com.vn\/du-hoc-dinh-cu\/du-hoc-han-quoc","title":{"rendered":"Du h\u1ecdc H\u00e0n Qu\u1ed1c"},"content":{"rendered":"\t<div id=\"gap-1817364877\" class=\"gap-element clearfix\" style=\"display:block; height:auto;\">\n\t\t\n<style>\n#gap-1817364877 {\n  padding-top: 30px;\n}\n<\/style>\n\t<\/div>\n\t\n\t<div id=\"text-2265076525\" class=\"text\">\n\t\t\n<h3>Th\u00f4ng tin tuy\u1ec3n sinh Du h\u1ecdc H\u00e0n Qu\u1ed1c<\/h3>\n\t\t\n<style>\n#text-2265076525 {\n  text-align: center;\n}\n<\/style>\n\t<\/div>\n\t\n<div class=\"text-center\"><div class=\"is-divider divider clearfix\" style=\"max-width:60px;\"><\/div><\/div>\n\n  \n    <div class=\"row large-columns-3 medium-columns-1 small-columns-1 slider row-slider slider-nav-reveal slider-nav-push\"  data-flickity-options='{\"imagesLoaded\": true, \"groupCells\": \"100%\", \"dragThreshold\" : 5, \"cellAlign\": \"left\",\"wrapAround\": true,\"prevNextButtons\": true,\"percentPosition\": true,\"pageDots\": false, \"rightToLeft\": false, \"autoPlay\" : false}'>\n\n  <div class=\"col post-item\" >\n\t\t\t<div class=\"col-inner\">\n\t\t\t<a href=\"https:\/\/gmas.com.vn\/du-hoc-dinh-cu\/du-hoc-han\/chi-phi-du-hoc-han-quoc-2023\" class=\"plain\">\n\t\t\t\t<div class=\"box box-normal box-text-bottom box-blog-post has-hover\">\n            \t\t\t\t\t<div class=\"box-image\" >\n  \t\t\t\t\t\t<div class=\"image-cover\" style=\"padding-top:75%;\">\n  \t\t\t\t\t\t\t<img width=\"901\" height=\"598\" src=\"https:\/\/gmas.com.vn\/wp-content\/uploads\/2023\/09\/chi-phi-du-hoc-han-quoc-2023.png\" class=\"attachment-medium size-medium wp-post-image\" alt=\"\" decoding=\"async\" title=\"\">  \t\t\t\t\t\t\t  \t\t\t\t\t\t\t  \t\t\t\t\t\t<\/div>\n  \t\t\t\t\t\t  \t\t\t\t\t<\/div>\n          \t\t\t\t\t<div class=\"box-text text-center\" >\n\t\t\t\t\t<div class=\"box-text-inner blog-post-inner\">\n\n\t\t\t\t\t\n\t\t\t\t\t\t\t\t\t\t<h5 class=\"post-title is-large \">Chi ph\u00ed du h\u1ecdc H\u00e0n Qu\u1ed1c 2023: B\u1ea1n c\u1ea7n chu\u1ea9n b\u1ecb bao nhi\u00eau l\u00e0 \u0111\u1ee7?<\/h5>\n\t\t\t\t\t\t\t\t\t\t<div class=\"is-divider\"><\/div>\n\t\t\t\t\t\t\t\t\t\t<p class=\"from_the_blog_excerpt \">Trong b\u00e0i vi\u1ebft n\u00e0y, ch\u00fang ta s\u1ebd t\u00ecm hi\u1ec3u v\u1ec1 nh\u1eefng kho\u1ea3n\u00a0chi ph\u00ed du h\u1ecdc...\t\t\t\t\t<\/p>\n\t\t\t\t\t                    \n\t\t\t\t\t\n\t\t\t\t\t\n\t\t\t\t\t<\/div>\n\t\t\t\t\t<\/div>\n\t\t\t\t\t\t\t\t\t\t\t\t\t\t\t\t<div class=\"badge absolute top post-date badge-circle-inside\">\n\t\t\t\t\t\t\t<div class=\"badge-inner\">\n\t\t\t\t\t\t\t\t<span class=\"post-date-day\">26<\/span><br>\n\t\t\t\t\t\t\t\t<span class=\"post-date-month is-xsmall\">Th6<\/span>\n\t\t\t\t\t\t\t<\/div>\n\t\t\t\t\t\t<\/div>\n\t\t\t\t\t\t\t\t\t<\/div>\n\t\t\t\t<\/a>\n\t\t\t<\/div>\n\t\t<\/div><div class=\"col post-item\" >\n\t\t\t<div class=\"col-inner\">\n\t\t\t<a href=\"https:\/\/gmas.com.vn\/tin-tuc-va-su-kien\/gmas-trien-khai-tu-van-du-hoc\" class=\"plain\">\n\t\t\t\t<div class=\"box box-normal box-text-bottom box-blog-post has-hover\">\n            \t\t\t\t\t<div class=\"box-image\" >\n  \t\t\t\t\t\t<div class=\"image-cover\" style=\"padding-top:75%;\">\n  \t\t\t\t\t\t\t<img width=\"1100\" height=\"800\" src=\"https:\/\/gmas.com.vn\/wp-content\/uploads\/2023\/08\/du-hoc.png\" class=\"attachment-medium size-medium wp-post-image\" alt=\"\" decoding=\"async\" title=\"\">  \t\t\t\t\t\t\t  \t\t\t\t\t\t\t  \t\t\t\t\t\t<\/div>\n  \t\t\t\t\t\t  \t\t\t\t\t<\/div>\n          \t\t\t\t\t<div class=\"box-text text-center\" >\n\t\t\t\t\t<div class=\"box-text-inner blog-post-inner\">\n\n\t\t\t\t\t\n\t\t\t\t\t\t\t\t\t\t<h5 class=\"post-title is-large \">S\u1ede GI\u00c1O D\u1ee4C V\u00c0 \u0110\u00c0O T\u1ea0O T\u1ec8NH \u0110\u1eaeK N\u00d4NG \u0110\u1ed2NG \u00dd CHO GMAS \u0110\u01af\u1ee2C TRI\u1ec2N KHAI T\u01af V\u1ea4N DU H\u1eccC TR\u00caN \u0110\u1ecaA B\u00c0N T\u1ec8NH &#8211; 01\/08\/2023<\/h5>\n\t\t\t\t\t\t\t\t\t\t<div class=\"is-divider\"><\/div>\n\t\t\t\t\t\t\t\t\t\t<p class=\"from_the_blog_excerpt \">T\u00ccM HI\u1ec2U TH\u00caM V\u1ec0 DU H\u1eccC: Xu h\u01b0\u1edbng du h\u1ecdc t\u1ea1i Vi\u1ec7t Nam Trong su\u1ed1t...\t\t\t\t\t<\/p>\n\t\t\t\t\t                    \n\t\t\t\t\t\n\t\t\t\t\t\n\t\t\t\t\t<\/div>\n\t\t\t\t\t<\/div>\n\t\t\t\t\t\t\t\t\t\t\t\t\t\t\t\t<div class=\"badge absolute top post-date badge-circle-inside\">\n\t\t\t\t\t\t\t<div class=\"badge-inner\">\n\t\t\t\t\t\t\t\t<span class=\"post-date-day\">26<\/span><br>\n\t\t\t\t\t\t\t\t<span class=\"post-date-month is-xsmall\">Th8<\/span>\n\t\t\t\t\t\t\t<\/div>\n\t\t\t\t\t\t<\/div>\n\t\t\t\t\t\t\t\t\t<\/div>\n\t\t\t\t<\/a>\n\t\t\t<\/div>\n\t\t<\/div><div class=\"col post-item\" >\n\t\t\t<div class=\"col-inner\">\n\t\t\t<a href=\"https:\/\/gmas.com.vn\/du-hoc-dinh-cu\/du-hoc-han\/du-hoc-han-quoc-visa-d4-1\" class=\"plain\">\n\t\t\t\t<div class=\"box box-normal box-text-bottom box-blog-post has-hover\">\n            \t\t\t\t\t<div class=\"box-image\" >\n  \t\t\t\t\t\t<div class=\"image-cover\" style=\"padding-top:75%;\">\n  \t\t\t\t\t\t\t<img width=\"2200\" height=\"1600\" src=\"https:\/\/gmas.com.vn\/wp-content\/uploads\/2023\/06\/DH-Han-D4-1-1.png\" class=\"attachment-medium size-medium wp-post-image\" alt=\"\" decoding=\"async\" title=\"\">  \t\t\t\t\t\t\t  \t\t\t\t\t\t\t  \t\t\t\t\t\t<\/div>\n  \t\t\t\t\t\t  \t\t\t\t\t<\/div>\n          \t\t\t\t\t<div class=\"box-text text-center\" >\n\t\t\t\t\t<div class=\"box-text-inner blog-post-inner\">\n\n\t\t\t\t\t\n\t\t\t\t\t\t\t\t\t\t<h5 class=\"post-title is-large \">TH\u00d4NG B\u00c1O TUY\u1ec2N SINH DU H\u1eccC H\u00c0N QU\u1ed0C VISA D4-1 N\u0102M 2023<\/h5>\n\t\t\t\t\t\t\t\t\t\t<div class=\"is-divider\"><\/div>\n\t\t\t\t\t\t\t\t\t\t<p class=\"from_the_blog_excerpt \">TH\u00d4NG B\u00c1O CH\u01af\u01a0NG TR\u00ccNH T\u01af V\u1ea4N TUY\u1ec2N SINH DU H\u1eccC H\u00c0N QU\u1ed0C VISA D4-1 N\u0102M...\t\t\t\t\t<\/p>\n\t\t\t\t\t                    \n\t\t\t\t\t\n\t\t\t\t\t\n\t\t\t\t\t<\/div>\n\t\t\t\t\t<\/div>\n\t\t\t\t\t\t\t\t\t\t\t\t\t\t\t\t<div class=\"badge absolute top post-date badge-circle-inside\">\n\t\t\t\t\t\t\t<div class=\"badge-inner\">\n\t\t\t\t\t\t\t\t<span class=\"post-date-day\">14<\/span><br>\n\t\t\t\t\t\t\t\t<span class=\"post-date-month is-xsmall\">Th9<\/span>\n\t\t\t\t\t\t\t<\/div>\n\t\t\t\t\t\t<\/div>\n\t\t\t\t\t\t\t\t\t<\/div>\n\t\t\t\t<\/a>\n\t\t\t<\/div>\n\t\t<\/div><div class=\"col post-item\" >\n\t\t\t<div class=\"col-inner\">\n\t\t\t<a href=\"https:\/\/gmas.com.vn\/du-hoc-dinh-cu\/du-hoc-han\/du-hoc-han-quoc\" class=\"plain\">\n\t\t\t\t<div class=\"box box-normal box-text-bottom box-blog-post has-hover\">\n            \t\t\t\t\t<div class=\"box-image\" >\n  \t\t\t\t\t\t<div class=\"image-cover\" style=\"padding-top:75%;\">\n  \t\t\t\t\t\t\t<img width=\"1100\" height=\"800\" src=\"https:\/\/gmas.com.vn\/wp-content\/uploads\/2023\/04\/DU-HOC-HAN.png\" class=\"attachment-medium size-medium wp-post-image\" alt=\"\" decoding=\"async\" title=\"\">  \t\t\t\t\t\t\t  \t\t\t\t\t\t\t  \t\t\t\t\t\t<\/div>\n  \t\t\t\t\t\t  \t\t\t\t\t<\/div>\n          \t\t\t\t\t<div class=\"box-text text-center\" >\n\t\t\t\t\t<div class=\"box-text-inner blog-post-inner\">\n\n\t\t\t\t\t\n\t\t\t\t\t\t\t\t\t\t<h5 class=\"post-title is-large \">GMAS &#8211; TUY\u1ec2N SINH DU H\u1eccC H\u00c0N QU\u1ed0C VISA D2-1<\/h5>\n\t\t\t\t\t\t\t\t\t\t<div class=\"is-divider\"><\/div>\n\t\t\t\t\t\t\t\t\t\t<p class=\"from_the_blog_excerpt \">TH\u00d4NG BA\u0301O TUY\u00ca\u0309N SINH DU HO\u0323C (Ch\u01b0\u01a1ng tr\u00ecnh t\u01b0 v\u00e2\u0301n du ho\u0323c Ha\u0300n Qu\u00f4\u0301c visa...\t\t\t\t\t<\/p>\n\t\t\t\t\t                    \n\t\t\t\t\t\n\t\t\t\t\t\n\t\t\t\t\t<\/div>\n\t\t\t\t\t<\/div>\n\t\t\t\t\t\t\t\t\t\t\t\t\t\t\t\t<div class=\"badge absolute top post-date badge-circle-inside\">\n\t\t\t\t\t\t\t<div class=\"badge-inner\">\n\t\t\t\t\t\t\t\t<span class=\"post-date-day\">14<\/span><br>\n\t\t\t\t\t\t\t\t<span class=\"post-date-month is-xsmall\">Th9<\/span>\n\t\t\t\t\t\t\t<\/div>\n\t\t\t\t\t\t<\/div>\n\t\t\t\t\t\t\t\t\t<\/div>\n\t\t\t\t<\/a>\n\t\t\t<\/div>\n\t\t<\/div><\/div>\n","protected":false},"excerpt":{"rendered":"<p>B\u00c0I VI\u1ebeT LI\u00caN QUAN QUY TR\u00ccNH XU\u1ea4T KH\u1ea8U LAO \u0110\u1ed8NG NH\u1eacT B\u1ea2N-GMAS C\u1ea2NH B\u00c1O L\u1eeaA \u0110\u1ea2O \u0110\u01a0N H\u00c0NG CHO NAM V\u00c0 N\u1eee-12-13\/09\/2023 PH\u1eceNG V\u1ea4N \u0110\u01a0N H\u00c0NG S\u01a0N KIM LO\u1ea0I V\u00c0 D\u1eacP KIM LO\u1ea0I-XKL\u0110 NH\u1eacT B\u1ea2N \u0110\u01a0N H\u00c0NG K\u1ef8 S\u01af \u0110I\u1ec6N &#8211; XKL\u0110 NH\u1eacT B\u1ea2N \u0110\u01a0N H\u00c0NG K\u1ef8 S\u01af \u0110I\u1ec6N T\u1eec &#8211; XKL\u0110 NH\u1eacT B\u1ea2N \u0110\u01a0N&#8230;<\/p>\n    <div class=\"related-post grid\">\r\n                <div class=\"headline\">B\u00c0I VI\u1ebeT LI\u00caN QUAN<\/div>\r\n        <div class=\"post-list \">\r\n\r\n                        <div class=\"item\">\r\n                    \r\n    <a class=\"title post_title\"  title=\"QUY TR\u00ccNH XU\u1ea4T KH\u1ea8U LAO \u0110\u1ed8NG NH\u1eacT B\u1ea2N-GMAS\" href=\"https:\/\/gmas.com.vn\/tin-tuc-va-su-kien\/quy-trinh-xuat-khau-lao-dong-nhat-ban\">\r\n                QUY TR\u00ccNH XU\u1ea4T KH\u1ea8U LAO \u0110\u1ed8NG NH\u1eacT B\u1ea2N-GMAS    <\/a>\r\n\r\n    <div class=\"thumb post_thumb\">\r\n        <a  title=\"QUY TR\u00ccNH XU\u1ea4T KH\u1ea8U LAO \u0110\u1ed8NG NH\u1eacT B\u1ea2N-GMAS\" href=\"https:\/\/gmas.com.vn\/tin-tuc-va-su-kien\/quy-trinh-xuat-khau-lao-dong-nhat-ban\">\r\n\r\n                            <img src=\"\" title=\"QUY TR\u00ccNH XU\u1ea4T KH\u1ea8U LAO \u0110\u1ed8NG NH\u1eacT B\u1ea2N-GMAS\" alt=\"QUY TR\u00ccNH XU\u1ea4T KH\u1ea8U LAO \u0110\u1ed8NG NH\u1eacT B\u1ea2N-GMAS\">\r\n\r\n            \r\n\r\n        <\/a>\r\n    <\/div>\r\n                <\/div>\r\n                            <div class=\"item\">\r\n                    \r\n    <a class=\"title post_title\"  title=\"C\u1ea2NH B\u00c1O L\u1eeaA \u0110\u1ea2O\" href=\"https:\/\/gmas.com.vn\/tin-noi-bat\/canh-bao-lua-dao\">\r\n                C\u1ea2NH B\u00c1O L\u1eeaA \u0110\u1ea2O    <\/a>\r\n\r\n    <div class=\"thumb post_thumb\">\r\n        <a  title=\"C\u1ea2NH B\u00c1O L\u1eeaA \u0110\u1ea2O\" href=\"https:\/\/gmas.com.vn\/tin-noi-bat\/canh-bao-lua-dao\">\r\n\r\n            <img width=\"1100\" height=\"800\" src=\"https:\/\/gmas.com.vn\/wp-content\/uploads\/2023\/10\/CANH-BAO-LUA-DAO.png\" class=\"attachment-full size-full wp-post-image\" alt=\"\" decoding=\"async\" title=\"\">\r\n\r\n        <\/a>\r\n    <\/div>\r\n                <\/div>\r\n                            <div class=\"item\">\r\n                    \r\n    <a class=\"title post_title\"  title=\"\u0110\u01a0N H\u00c0NG CHO NAM V\u00c0 N\u1eee-12-13\/09\/2023 PH\u1eceNG V\u1ea4N \u0110\u01a0N H\u00c0NG S\u01a0N KIM LO\u1ea0I V\u00c0 D\u1eacP KIM LO\u1ea0I-XKL\u0110 NH\u1eacT B\u1ea2N\" href=\"https:\/\/gmas.com.vn\/tin-noi-bat\/12-13-06-xkld-nhat-ban\">\r\n                \u0110\u01a0N H\u00c0NG CHO NAM V\u00c0 N\u1eee-12-13\/09\/2023 PH\u1eceNG V\u1ea4N \u0110\u01a0N H\u00c0NG S\u01a0N KIM LO\u1ea0I V\u00c0 D\u1eacP KIM LO\u1ea0I-XKL\u0110 NH\u1eacT B\u1ea2N    <\/a>\r\n\r\n    <div class=\"thumb post_thumb\">\r\n        <a  title=\"\u0110\u01a0N H\u00c0NG CHO NAM V\u00c0 N\u1eee-12-13\/09\/2023 PH\u1eceNG V\u1ea4N \u0110\u01a0N H\u00c0NG S\u01a0N KIM LO\u1ea0I V\u00c0 D\u1eacP KIM LO\u1ea0I-XKL\u0110 NH\u1eacT B\u1ea2N\" href=\"https:\/\/gmas.com.vn\/tin-noi-bat\/12-13-06-xkld-nhat-ban\">\r\n\r\n            <img width=\"1100\" height=\"800\" src=\"https:\/\/gmas.com.vn\/wp-content\/uploads\/2023\/09\/4.jpg\" class=\"attachment-full size-full wp-post-image\" alt=\"\" decoding=\"async\" title=\"\">\r\n\r\n        <\/a>\r\n    <\/div>\r\n                <\/div>\r\n                            <div class=\"item\">\r\n                    \r\n    <a class=\"title post_title\"  title=\"\u0110\u01a0N H\u00c0NG K\u1ef8 S\u01af \u0110I\u1ec6N &#8211; XKL\u0110 NH\u1eacT B\u1ea2N\" href=\"https:\/\/gmas.com.vn\/tin-noi-bat\/don-hang-ky-su-dien-xkld-nhat-ban\">\r\n                \u0110\u01a0N H\u00c0NG K\u1ef8 S\u01af \u0110I\u1ec6N &#8211; XKL\u0110 NH\u1eacT B\u1ea2N    <\/a>\r\n\r\n    <div class=\"thumb post_thumb\">\r\n        <a  title=\"\u0110\u01a0N H\u00c0NG K\u1ef8 S\u01af \u0110I\u1ec6N &#8211; XKL\u0110 NH\u1eacT B\u1ea2N\" href=\"https:\/\/gmas.com.vn\/tin-noi-bat\/don-hang-ky-su-dien-xkld-nhat-ban\">\r\n\r\n            <img width=\"1100\" height=\"800\" src=\"https:\/\/gmas.com.vn\/wp-content\/uploads\/2023\/09\/7.png\" class=\"attachment-full size-full wp-post-image\" alt=\"\u0110\u01a0N H\u00c0NG K\u1ef8 S\u01af \u0110I\u1ec6N - XKL\u0110 NH\u1eacT B\u1ea2N\" decoding=\"async\" title=\"\">\r\n\r\n        <\/a>\r\n    <\/div>\r\n                <\/div>\r\n                            <div class=\"item\">\r\n                    \r\n    <a class=\"title post_title\"  title=\"\u0110\u01a0N H\u00c0NG K\u1ef8 S\u01af \u0110I\u1ec6N T\u1eec &#8211; XKL\u0110 NH\u1eacT B\u1ea2N\" href=\"https:\/\/gmas.com.vn\/tin-noi-bat\/don-hang-ky-su-dien-tu-xkld-nhat-ban\">\r\n                \u0110\u01a0N H\u00c0NG K\u1ef8 S\u01af \u0110I\u1ec6N T\u1eec &#8211; XKL\u0110 NH\u1eacT B\u1ea2N    <\/a>\r\n\r\n    <div class=\"thumb post_thumb\">\r\n        <a  title=\"\u0110\u01a0N H\u00c0NG K\u1ef8 S\u01af \u0110I\u1ec6N T\u1eec &#8211; XKL\u0110 NH\u1eacT B\u1ea2N\" href=\"https:\/\/gmas.com.vn\/tin-noi-bat\/don-hang-ky-su-dien-tu-xkld-nhat-ban\">\r\n\r\n            <img width=\"1100\" height=\"800\" src=\"https:\/\/gmas.com.vn\/wp-content\/uploads\/2023\/09\/6.png\" class=\"attachment-full size-full wp-post-image\" alt=\"\u0110\u01a0N H\u00c0NG K\u1ef8 S\u01af \u0110I\u1ec6N T\u1eec - XKL\u0110 NH\u1eacT B\u1ea2N\" decoding=\"async\" title=\"\">\r\n\r\n        <\/a>\r\n    <\/div>\r\n                <\/div>\r\n                            <div class=\"item\">\r\n                    \r\n    <a class=\"title post_title\"  title=\"\u0110\u01a0N H\u00c0NG K\u1ef8 S\u01af M\u00c1Y M\u00d3C &#8211; XKL\u0110 NH\u1eacT B\u1ea2N\" href=\"https:\/\/gmas.com.vn\/tin-noi-bat\/don-hang-ky-su-may-moc-xkld-nhat-ban\">\r\n                \u0110\u01a0N H\u00c0NG K\u1ef8 S\u01af M\u00c1Y M\u00d3C &#8211; XKL\u0110 NH\u1eacT B\u1ea2N    <\/a>\r\n\r\n    <div class=\"thumb post_thumb\">\r\n        <a  title=\"\u0110\u01a0N H\u00c0NG K\u1ef8 S\u01af M\u00c1Y M\u00d3C &#8211; XKL\u0110 NH\u1eacT B\u1ea2N\" href=\"https:\/\/gmas.com.vn\/tin-noi-bat\/don-hang-ky-su-may-moc-xkld-nhat-ban\">\r\n\r\n            <img width=\"1100\" height=\"800\" src=\"https:\/\/gmas.com.vn\/wp-content\/uploads\/2023\/09\/4.png\" class=\"attachment-full size-full wp-post-image\" alt=\"\u0110\u01a0N H\u00c0NG K\u1ef8 S\u01af M\u00c1Y M\u00d3C - XKL\u0110 NH\u1eacT B\u1ea2N\" decoding=\"async\" title=\"\">\r\n\r\n        <\/a>\r\n    <\/div>\r\n                <\/div>\r\n            \r\n    <\/div>\r\n\r\n    <script>\r\n            <\/script>\r\n    <style>\r\n        .related-post {}\r\n\r\n        .related-post .post-list {\r\n            text-align: left;\r\n                    }\r\n\r\n        .related-post .post-list .item {\r\n            margin: 10px;\r\n            padding: 0px;\r\n                    }\r\n\r\n        .related-post .headline {\r\n            font-size: 18px !important;\r\n            color: #000000 !important;\r\n                    }\r\n\r\n        .related-post .post-list .item .post_title {\r\n            font-size: 16px;\r\n            color: #000000;\r\n            margin: 10px 0px;\r\n            padding: 0px;\r\n            display: block;\r\n            text-decoration: none;\r\n                    }\r\n\r\n        .related-post .post-list .item .post_thumb {\r\n            max-height: 220px;\r\n            margin: 10px 0px;\r\n            padding: 0px;\r\n            display: block;\r\n                    }\r\n\r\n        .related-post .post-list .item .post_excerpt {\r\n            font-size: 13px;\r\n            color: #3f3f3f;\r\n            margin: 10px 0px;\r\n            padding: 0px;\r\n            display: block;\r\n            text-decoration: none;\r\n                    }\r\n\r\n        @media only screen and (min-width: 1024px) {\r\n            .related-post .post-list .item {\r\n                width: 45%;\r\n            }\r\n        }\r\n\r\n        @media only screen and (min-width: 768px) and (max-width: 1023px) {\r\n            .related-post .post-list .item {\r\n                width: 90%;\r\n            }\r\n        }\r\n\r\n        @media only screen and (min-width: 0px) and (max-width: 767px) {\r\n            .related-post .post-list .item {\r\n                width: 90%;\r\n            }\r\n        }\r\n\r\n            <\/style>\r\n        <\/div>\r\n","protected":false},"author":3,"featured_media":7601,"parent":606,"menu_order":0,"comment_status":"closed","ping_status":"closed","template":"page-blank.php","meta":{"footnotes":""},"_links":{"self":[{"href":"https:\/\/gmas.com.vn\/wp-json\/wp\/v2\/pages\/6755"}],"collection":[{"href":"https:\/\/gmas.com.vn\/wp-json\/wp\/v2\/pages"}],"about":[{"href":"https:\/\/gmas.com.vn\/wp-json\/wp\/v2\/types\/page"}],"author":[{"embeddable":true,"href":"https:\/\/gmas.com.vn\/wp-json\/wp\/v2\/users\/3"}],"replies":[{"embeddable":true,"href":"https:\/\/gmas.com.vn\/wp-json\/wp\/v2\/comments?post=6755"}],"version-history":[{"count":11,"href":"https:\/\/gmas.com.vn\/wp-json\/wp\/v2\/pages\/6755\/revisions"}],"predecessor-version":[{"id":6790,"href":"https:\/\/gmas.com.vn\/wp-json\/wp\/v2\/pages\/6755\/revisions\/6790"}],"up":[{"embeddable":true,"href":"https:\/\/gmas.com.vn\/wp-json\/wp\/v2\/pages\/606"}],"wp:featuredmedia":[{"embeddable":true,"href":"https:\/\/gmas.com.vn\/wp-json\/wp\/v2\/media\/7601"}],"wp:attachment":[{"href":"https:\/\/gmas.com.vn\/wp-json\/wp\/v2\/media?parent=6755"}],"curies":[{"name":"wp","href":"https:\/\/api.w.org\/{rel}","templated":true}]}}