
{"id":2,"date":"2018-10-27T13:53:33","date_gmt":"2018-10-27T13:53:33","guid":{"rendered":"http:\/\/hanquoc.mauwebsitedep.com\/?page_id=2"},"modified":"2022-11-16T06:55:56","modified_gmt":"2022-11-16T06:55:56","slug":"gioi-thieu","status":"publish","type":"page","link":"https:\/\/hanquoc.net.vn\/gioi-thieu\/","title":{"rendered":"Gi\u1edbi thi\u1ec7u"},"content":{"rendered":"<p>LIP \u2013 Trung t\u00e2m t\u01b0 v\u1ea5n v\u00e0 \u0111\u00e0o t\u1ea1o ngo\u1ea1i ng\u1eef H\u00e0n Qu\u1ed1c.\u00a0 x\u00e1c \u0111\u1ecbnh s\u1ee9 m\u1ec7nh c\u1ee7a m\u00ecnh l\u00e0 h\u01b0\u1edbng \u0111\u1ebfn vi\u1ec7c \u0111\u01b0a nh\u1eefng tinh hoa, gi\u00e1 tr\u1ecb t\u1ed1t \u0111\u1eb9p c\u1ee7a gi\u00e1o d\u1ee5c \u0111\u00e0o t\u1ea1o \u1edf c\u00e1c n\u01b0\u1edbc ph\u00e1t tri\u1ec3n tr\u00ean th\u1ebf gi\u1edbi v\u1ec1 Vi\u1ec7t Nam. Ch\u00fang t\u00f4i mong mu\u1ed1n g\u00f3p ph\u1ea7n s\u1ee9c l\u1ef1c c\u1ee7a m\u00ecnh tr\u1edf th\u00e0nh m\u1ed9t c\u00e1nh \u00e9n \u0111\u1ec3 mang nh\u1eefng \u0111i\u1ec1u tuy\u1ec7t v\u1eddi c\u1ee7a nh\u00e2n lo\u1ea1i \u0111\u1ebfn v\u1edbi th\u1ebf h\u1ec7 tr\u1ebb n\u01b0\u1edbc nh\u00e0.<\/p>\n<p><img decoding=\"async\" loading=\"lazy\" class=\"wp-image-7064 aligncenter\" src=\"http:\/\/hanquoc.net.vn\/wp-content\/uploads\/2022\/11\/LOGO-300x169.png\" alt=\"\" width=\"401\" height=\"226\" srcset=\"https:\/\/hanquoc.net.vn\/wp-content\/uploads\/2022\/11\/LOGO-300x169.png 300w, https:\/\/hanquoc.net.vn\/wp-content\/uploads\/2022\/11\/LOGO-1024x576.png 1024w, https:\/\/hanquoc.net.vn\/wp-content\/uploads\/2022\/11\/LOGO-768x432.png 768w, https:\/\/hanquoc.net.vn\/wp-content\/uploads\/2022\/11\/LOGO-1536x864.png 1536w, https:\/\/hanquoc.net.vn\/wp-content\/uploads\/2022\/11\/LOGO.png 1920w\" sizes=\"(max-width: 401px) 100vw, 401px\" title=\"\"><\/p>\n<p>C\u00e1c m\u00f4 h\u00ecnh \u0111\u00e0o t\u1ea1o t\u1ed1t nh\u1ea5t, hi\u1ec7n \u0111\u1ea1i v\u00e0 hi\u1ec7u qu\u1ea3 c\u1ee7a\u00a0 H\u00e0n Qu\u1ed1c s\u1ebd c\u00f3 m\u1eb7t t\u1ea1i trung t\u00e2m \u0111\u00e0o t\u1ea1o ngo\u1ea1i ng\u1eef v\u00e0 du h\u1ecdc LIP. C\u00e1c h\u1ecdc vi\u00ean s\u1ebd \u00a0h\u1ecdc t\u1eadp trong m\u00f4i tr\u01b0\u1eddng \u0111\u1eb3ng c\u1ea5p qu\u1ed1c t\u1ebf ngay t\u1ea1i H\u1ec7 th\u1ed1ng Gi\u00e1o d\u1ee5c H\u00e0n Qu\u1ed1c. C\u00f2n g\u00ec tuy\u1ec7t v\u1eddi h\u01a1n khi b\u1ea1n \u0111\u01b0\u1ee3c \u0111\u00e0o t\u1ea1o v\u1edbi n\u00ean v\u0103n h\u00f3a H\u00e0n Qu\u1ed1c \u1edf ngay ch\u00ednh qu\u00ea h\u01b0\u01a1ng m\u00ecnh.<\/p>\n<p>LIP \u0111\u01b0\u1ee3c th\u00e0nh l\u1eadp t\u1eeb nh\u1eefng con ng\u01b0\u1eddi gi\u00e0u t\u00e2m huy\u1ebft v\u1edbi gi\u00e1o d\u1ee5c, v\u1edbi th\u1ec7 h\u1ec7 tr\u1ebb Vi\u1ec7t Nam. \u0110\u1ed9i ng\u0169 l\u00e0m vi\u1ec7c h\u1ea7u h\u1ebft l\u00e0 nh\u1eefng ng\u01b0\u1eddi tr\u1ebb, gi\u00e0u nhi\u1ec7t huy\u1ebft v\u00e0 c\u00f3 tr\u00ecnh \u0111\u1ed9 chuy\u00ean s\u00e2u. Ch\u00fang t\u00f4i mong mu\u1ed1n l\u00e0 ng\u01b0\u1eddi b\u1ea1n tin c\u1eady, \u0111\u1ed3ng h\u00e0nh c\u00f9ng c\u00e1c tr\u00ean ch\u1eb7ng \u0111\u01b0\u1eddng x\u00e2y d\u1ef1ng t\u01b0\u01a1ng lai.<\/p>\n<p>Ph\u01b0\u01a1ng ch\u00e2m c\u1ee7a ch\u00fang t\u00f4i l\u00e0: \u201cCh\u00e2n th\u00e0nh, t\u00f4n tr\u1ecdng s\u1ef1 kh\u00e1c bi\u1ec7t, trung th\u1ef1c, \u0111\u1ec1 cao gi\u00e1o d\u1ee5c khai s\u00e1ng v\u00e0 nh\u00e2n v\u0103n\u201d, ch\u1eafc ch\u1eafn s\u1ebd \u0111em l\u1ea1i s\u1ef1 h\u00e0i l\u00f2ng khi c\u00e1c b\u1ea1n \u0111\u1ebfn h\u1ecdc t\u1eadp v\u00e0 du h\u1ecdc t\u1ea1i LIP.<\/p>\n<p>Kh\u1ea9u hi\u1ec7u c\u1ee7a ch\u00fang t\u00f4i l\u00e0 \u201cT\u1ef1 do \u2013 Khai s\u00e1ng \u2013 Nh\u00e2n v\u0103n\u201d. B\u1edfi v\u1eady, ch\u00fang t\u00f4i lu\u00f4n khuy\u1ebfn kh\u00edch s\u1ef1 t\u1ef1 do s\u00e1ng t\u1ea1o, th\u1ec3 hi\u1ec7n n\u0103ng l\u1ef1c c\u1ee7a t\u1eebng sinh vi\u00ean. H\u1ecdc vi\u00ean, sinh vi\u00ean kh\u00f4ng ch\u1ec9 \u0111\u01b0\u1ee3c trang b\u1ecb ki\u1ebfn th\u1ee9c v\u00e0 k\u1ef9 n\u0103ng chuy\u00ean ng\u00e0nh m\u00e0 c\u00f2n \u0111\u01b0\u1ee3c cung c\u1ea5p ki\u1ebfn th\u1ee9c \u1edf l\u0129nh v\u1ef1c kh\u00e1c, nh\u01b0: kinh t\u1ebf, v\u0103n h\u00f3a, ngo\u1ea1i giao, l\u1ecbch s\u1eed H\u00e0n Qu\u1ed1c \u0111\u1ec3 c\u00f3 th\u1ec3 t\u1ef1 tin kh\u1edfi nghi\u1ec7p, l\u00e0m vi\u1ec7c v\u00e0 \u0111\u00e1p \u1ee9ng nh\u01b0 c\u1ea7u l\u00e0m vi\u1ec7c c\u1ee7a c\u00e1c c\u01a1 quan, t\u1ed5 ch\u1ee9c, doanh nghi\u1ec7p v\u00e0 b\u01b0\u1edbc ra h\u1ed9i nh\u1eadp v\u1edbi th\u1ebf gi\u1edbi.<\/p>\n<p>LIP \u2013 Trung t\u00e2m \u0111\u00e0o t\u1ea1o ti\u1ebfng H\u00e0n v\u00e0 du h\u1ecdc H\u00e0n Qu\u1ed1c h\u1ee9a h\u1eb9n trong t\u01b0\u01a1ng l\u1ea1i s\u1ebd l\u00e0 \u0111\u01a1n v\u1ecb \u0111\u00e0o t\u1ea1o nguy\u1ec1n nh\u00e2n l\u1ef1c Qu\u1ed1c t\u1ebf l\u1edbn m\u1ea1nh cho th\u1ebf h\u1ec7 tr\u1ebb Vi\u1ec7t Nam.<\/p>\n<p>____________________________________________________________________________________________<\/p>\n<p><em><strong>M\u1ecdi th\u00f4ng tin chi ti\u1ebft vui l\u00f2ng li\u00ean h\u1ec7<\/strong><\/em><\/p>\n<p><em><strong>LIP \u2013 VI\u1ec6N H\u00c0N NG\u1eee &#8211; TRUNG T\u00c2M DU H\u1eccC H\u00c0N QU\u1ed0C<\/strong><\/em><\/p>\n<p><em><strong>Hotline:\u00a0<\/strong>\u00a0<a href=\"tel:0981867266\">0981.867.266<\/a><\/em><\/p>\n<p><em><strong>\u0110\u1ecba ch\u1ec9:<\/strong><\/em> S\u1ed1 10, Ng\u00f5 100, Ho\u00e0ng Qu\u1ed1c Vi\u1ec7t, C\u1ea7u Gi\u1ea5y, H\u00e0 N\u1ed9i<\/p>\n<p><em><strong>Email:<\/strong>\u00a0<\/em>hanquoc.net.vn@gmail.com<\/p>\n","protected":false},"excerpt":{"rendered":"<p>LIP \u2013 Trung t\u00e2m t\u01b0 v\u1ea5n v\u00e0 \u0111\u00e0o t\u1ea1o ngo\u1ea1i ng\u1eef H\u00e0n Qu\u1ed1c.\u00a0 x\u00e1c \u0111\u1ecbnh s\u1ee9 m\u1ec7nh c\u1ee7a m\u00ecnh l\u00e0 h\u01b0\u1edbng \u0111\u1ebfn vi\u1ec7c \u0111\u01b0a nh\u1eefng tinh hoa, gi\u00e1 tr\u1ecb t\u1ed1t \u0111\u1eb9p c\u1ee7a gi\u00e1o d\u1ee5c \u0111\u00e0o t\u1ea1o \u1edf c\u00e1c n\u01b0\u1edbc ph\u00e1t tri\u1ec3n tr\u00ean th\u1ebf gi\u1edbi v\u1ec1 Vi\u1ec7t Nam. Ch\u00fang t\u00f4i mong mu\u1ed1n g\u00f3p ph\u1ea7n s\u1ee9c l\u1ef1c [&hellip;]<\/p>\n","protected":false},"author":1,"featured_media":0,"parent":0,"menu_order":0,"comment_status":"closed","ping_status":"closed","template":"","meta":{"footnotes":""},"_links":{"self":[{"href":"https:\/\/hanquoc.net.vn\/wp-json\/wp\/v2\/pages\/2"}],"collection":[{"href":"https:\/\/hanquoc.net.vn\/wp-json\/wp\/v2\/pages"}],"about":[{"href":"https:\/\/hanquoc.net.vn\/wp-json\/wp\/v2\/types\/page"}],"author":[{"embeddable":true,"href":"https:\/\/hanquoc.net.vn\/wp-json\/wp\/v2\/users\/1"}],"replies":[{"embeddable":true,"href":"https:\/\/hanquoc.net.vn\/wp-json\/wp\/v2\/comments?post=2"}],"version-history":[{"count":14,"href":"https:\/\/hanquoc.net.vn\/wp-json\/wp\/v2\/pages\/2\/revisions"}],"predecessor-version":[{"id":7067,"href":"https:\/\/hanquoc.net.vn\/wp-json\/wp\/v2\/pages\/2\/revisions\/7067"}],"wp:attachment":[{"href":"https:\/\/hanquoc.net.vn\/wp-json\/wp\/v2\/media?parent=2"}],"curies":[{"name":"wp","href":"https:\/\/api.w.org\/{rel}","templated":true}]}}